{"id":356,"date":"2022-07-18T18:41:22","date_gmt":"2022-07-18T16:41:22","guid":{"rendered":"https:\/\/www.mousenews.net\/?page_id=356"},"modified":"2022-07-18T19:41:47","modified_gmt":"2022-07-18T17:41:47","slug":"impressum-atwwm","status":"publish","type":"page","link":"https:\/\/www.mousenews.net\/?page_id=356","title":{"rendered":"Impressum"},"content":{"rendered":"<h2>Angaben gem\u00e4\u00df \u00a7 5 TMG<\/h2>\n<p>Timm Oldenettel<br \/>\nBrahmsstr. 18<br \/>\n26386 Wilhelmshaven<\/p>\n<h2>Kontakt<\/h2>\n<p>Telefon: 04421 3707639<br \/>\nE-Mail: <a href=\"mailto:aroundtheworldwithmagic@gmx.de\">aroundtheworldwithmagic@gmx.de<\/a><\/p>\n<h2>Verantwortlich f\u00fcr den Inhalt nach \u00a7 55 Abs. 2 RStV:<\/h2>\n<p>Timm Oldenettel<br \/>\nBrahmsstr. 18<br \/>\n26386 Wilhelmshaven<\/p>\n<h2>Social Media Pr\u00e4senzen<\/h2>\n<div class=\"std_text_unterhalb\">\n<p>Dieses Impressum gilt f\u00fcr meinen <a href=\"https:\/\/www.youtube.com\/channel\/UC4JMrUVK2BGPaPkuG3tfJeg\">YouTube-Kanal<\/a>, meine <a href=\"https:\/\/www.facebook.com\/AroundtheWorldwithMagic\">Facebook-<\/a>, sowie meiner <a href=\"https:\/\/www.instagram.com\/aroundtheworldwithmagic\/\">Instagram-Pr\u00e4zenz<\/a>.<\/p>\n<\/div>\n","protected":false},"excerpt":{"rendered":"<p>Angaben gem\u00e4\u00df \u00a7 5 TMG Timm Oldenettel Brahmsstr. 18 26386 Wilhelmshaven Kontakt Telefon: 04421 3707639 E-Mail: aroundtheworldwithmagic@gmx.de Verantwortlich f\u00fcr den Inhalt nach \u00a7 55 Abs. 2 RStV: Timm Oldenettel Brahmsstr. 18 26386 Wilhelmshaven Social Media Pr\u00e4senzen Dieses Impressum gilt f\u00fcr meinen YouTube-Kanal, meine Facebook-, sowie meiner Instagram-Pr\u00e4zenz.<\/p>\n","protected":false},"author":1,"featured_media":0,"parent":0,"menu_order":0,"comment_status":"closed","ping_status":"closed","template":"","meta":[],"_links":{"self":[{"href":"https:\/\/www.mousenews.net\/index.php?rest_route=\/wp\/v2\/pages\/356"}],"collection":[{"href":"https:\/\/www.mousenews.net\/index.php?rest_route=\/wp\/v2\/pages"}],"about":[{"href":"https:\/\/www.mousenews.net\/index.php?rest_route=\/wp\/v2\/types\/page"}],"author":[{"embeddable":true,"href":"https:\/\/www.mousenews.net\/index.php?rest_route=\/wp\/v2\/users\/1"}],"replies":[{"embeddable":true,"href":"https:\/\/www.mousenews.net\/index.php?rest_route=%2Fwp%2Fv2%2Fcomments&post=356"}],"version-history":[{"count":6,"href":"https:\/\/www.mousenews.net\/index.php?rest_route=\/wp\/v2\/pages\/356\/revisions"}],"predecessor-version":[{"id":362,"href":"https:\/\/www.mousenews.net\/index.php?rest_route=\/wp\/v2\/pages\/356\/revisions\/362"}],"wp:attachment":[{"href":"https:\/\/www.mousenews.net\/index.php?rest_route=%2Fwp%2Fv2%2Fmedia&parent=356"}],"curies":[{"name":"wp","href":"https:\/\/api.w.org\/{rel}","templated":true}]}}